{"id":152,"date":"2020-10-29T11:02:49","date_gmt":"2020-10-29T10:02:49","guid":{"rendered":"http:\/\/www.cgsgioielli.it\/wordpress\/?page_id=152"},"modified":"2025-10-30T16:00:58","modified_gmt":"2025-10-30T15:00:58","slug":"rjc","status":"publish","type":"page","link":"https:\/\/www.cgsgioielli.it\/IT\/?page_id=152","title":{"rendered":"rjc"},"content":{"rendered":"\t\t<div data-elementor-type=\"wp-page\" data-elementor-id=\"152\" class=\"elementor elementor-152\" data-elementor-settings=\"[]\">\n\t\t\t\t\t\t<div class=\"elementor-inner\">\n\t\t\t\t\t\t\t<div class=\"elementor-section-wrap\">\n\t\t\t\t\t\t\t<header class=\"elementor-section elementor-top-section elementor-element elementor-element-4ca1d103 elementor-section-height-min-height elementor-section-full_width elementor-section-stretched elementor-section-content-middle elementor-section-items-stretch elementor-section-height-default\" data-id=\"4ca1d103\" data-element_type=\"section\" data-settings=\"{&quot;background_background&quot;:&quot;classic&quot;,&quot;stretch_section&quot;:&quot;section-stretched&quot;}\">\n\t\t\t\t\t\t\t<div class=\"elementor-background-overlay\"><\/div>\n\t\t\t\t\t\t\t<div class=\"elementor-container elementor-column-gap-no\">\n\t\t\t\t\t\t\t<div class=\"elementor-row\">\n\t\t\t\t\t<div class=\"elementor-column elementor-col-100 elementor-top-column elementor-element elementor-element-3066fd55\" data-id=\"3066fd55\" data-element_type=\"column\">\n\t\t\t<div class=\"elementor-column-wrap\">\n\t\t\t\t\t\t\t<div class=\"elementor-widget-wrap\">\n\t\t\t\t\t\t\t\t<\/div>\n\t\t\t\t\t<\/div>\n\t\t<\/div>\n\t\t\t\t\t\t\t\t<\/div>\n\t\t\t\t\t<\/div>\n\t\t<\/header>\n\t\t\t\t<section class=\"elementor-section elementor-top-section elementor-element elementor-element-1bcec9bb elementor-section-boxed elementor-section-height-default elementor-section-height-default\" data-id=\"1bcec9bb\" data-element_type=\"section\" data-settings=\"{&quot;background_background&quot;:&quot;none&quot;}\">\n\t\t\t\t\t\t<div class=\"elementor-container elementor-column-gap-default\">\n\t\t\t\t\t\t\t<div class=\"elementor-row\">\n\t\t\t\t\t<div class=\"elementor-column elementor-col-100 elementor-top-column elementor-element elementor-element-21bbb628\" data-id=\"21bbb628\" data-element_type=\"column\">\n\t\t\t<div class=\"elementor-column-wrap elementor-element-populated\">\n\t\t\t\t\t\t\t<div class=\"elementor-widget-wrap\">\n\t\t\t\t\t\t<div class=\"elementor-element elementor-element-332d81ed animated-slow elementor-invisible elementor-widget elementor-widget-heading\" data-id=\"332d81ed\" data-element_type=\"widget\" data-settings=\"{&quot;_animation&quot;:&quot;fadeIn&quot;,&quot;_animation_delay&quot;:50}\" data-widget_type=\"heading.default\">\n\t\t\t\t<div class=\"elementor-widget-container\">\n\t\t\t<h1 class=\"elementor-heading-title elementor-size-xl\">RESPONSIBLE JEWELLERY COUNCIL<\/h1>\t\t<\/div>\n\t\t\t\t<\/div>\n\t\t\t\t\t\t<\/div>\n\t\t\t\t\t<\/div>\n\t\t<\/div>\n\t\t\t\t\t\t\t\t<\/div>\n\t\t\t\t\t<\/div>\n\t\t<\/section>\n\t\t\t\t<section class=\"elementor-section elementor-top-section elementor-element elementor-element-37ffbb74 elementor-section-boxed elementor-section-height-default elementor-section-height-default\" data-id=\"37ffbb74\" data-element_type=\"section\" data-settings=\"{&quot;background_background&quot;:&quot;none&quot;}\">\n\t\t\t\t\t\t<div class=\"elementor-container elementor-column-gap-default\">\n\t\t\t\t\t\t\t<div class=\"elementor-row\">\n\t\t\t\t\t<div class=\"elementor-column elementor-col-100 elementor-top-column elementor-element elementor-element-d024ab2\" data-id=\"d024ab2\" data-element_type=\"column\">\n\t\t\t<div class=\"elementor-column-wrap elementor-element-populated\">\n\t\t\t\t\t\t\t<div class=\"elementor-widget-wrap\">\n\t\t\t\t\t\t<div class=\"elementor-element elementor-element-3d6aa047 elementor-widget elementor-widget-text-editor\" data-id=\"3d6aa047\" data-element_type=\"widget\" data-widget_type=\"text-editor.default\">\n\t\t\t\t<div class=\"elementor-widget-container\">\n\t\t\t\t\t\t\t\t<div class=\"elementor-text-editor elementor-clearfix\">\n\t\t\t\t<p>Il <strong><a href=\"https:\/\/www.responsiblejewellery.com\/\" target=\"_blank\" rel=\"noopener\">Responsible Jewellery Council<\/a><\/strong> \u00e8 un&#8217;associazione internazionale senza scopo di lucro che raggruppa pi\u00f9 di 1.100 imprese operanti in tutta la filiera che alimenta il comparto dei diamanti, dell&#8217;oreficeria e dei platinoidi, dall&#8217;estrazione mineraria al commercio al dettaglio. I membri del RJC sono impegnati a promuovere il rispetto dell&#8217;etica, dei diritti umani e dell&#8217;ambiente adottando buone pratiche sociali e ambientali, in modo trasparente e in tutta la filiera. Lo scopo di questo impegno \u00e8 di offrire garanzie credibili sia sulla qualit\u00e0 dei prodotti sia sull&#8217;eticit\u00e0 della filiera di produzione. Il RJC ha sviluppato un sistema di certificazione a cui tutti i membri devono attenersi e il cui rispetto deve essere verificato da un certificatore accreditato.<\/p><p>C.G.S., in qualit\u00e0 di membro del RJC, deve svolgere la propria attivit\u00e0 d&#8217;impresa in conformit\u00e0 ai requisiti del RJC adottando politiche e sistemi di gestione che garantiscono il rispetto dei principi sopracitati.<\/p><p>Da Aprile 2017, C.G.S. \u00e8 membro certificato del RJC, avendo adottato il sistema di standard RJC in ogni fase della produzione e della lavorazione dei gioielli, garantendo la piena applicazione di pratiche etiche e responsabili tramite un sistema di controllo indipendente. Come membro certificato, C.G.S. ha dimostrato la piena conformit\u00e0 del proprio modello di business agli standard e ai requisiti etici dell&#8217;organizzazione. Nel gennaio 2024 C.G.S. ha ottenuto il rinnovo della\u00a0<strong><a href=\"https:\/\/www.responsiblejewellery.com\/member\/cgs-srl\/\" target=\"_blank\" rel=\"noopener\">certificazione RJC &#8211; Code of Practices e della certificazione RJC \u2013 Chain of Custody.<\/a><\/strong><br \/>Il rinnovo conferma l&#8217;impegno di C.G.S. nella promozione di pratiche etiche e responsabili nell&#8217;ambito delle operazioni commerciali e della gestione dell\u2019attivit\u00e0.<\/p>\t\t\t\t\t<\/div>\n\t\t\t\t\t\t<\/div>\n\t\t\t\t<\/div>\n\t\t\t\t\t\t<\/div>\n\t\t\t\t\t<\/div>\n\t\t<\/div>\n\t\t\t\t\t\t\t\t<\/div>\n\t\t\t\t\t<\/div>\n\t\t<\/section>\n\t\t\t\t<section class=\"elementor-section elementor-top-section elementor-element elementor-element-076e6b8 elementor-section-boxed elementor-section-height-default elementor-section-height-default\" data-id=\"076e6b8\" data-element_type=\"section\">\n\t\t\t\t\t\t<div class=\"elementor-container elementor-column-gap-default\">\n\t\t\t\t\t\t\t<div class=\"elementor-row\">\n\t\t\t\t\t<div class=\"elementor-column elementor-col-50 elementor-top-column elementor-element elementor-element-2432225\" data-id=\"2432225\" data-element_type=\"column\">\n\t\t\t<div class=\"elementor-column-wrap elementor-element-populated\">\n\t\t\t\t\t\t\t<div class=\"elementor-widget-wrap\">\n\t\t\t\t\t\t<div class=\"elementor-element elementor-element-7e42e1c elementor-widget elementor-widget-heading\" data-id=\"7e42e1c\" data-element_type=\"widget\" data-widget_type=\"heading.default\">\n\t\t\t\t<div class=\"elementor-widget-container\">\n\t\t\t<h3 class=\"elementor-heading-title elementor-size-default\">RJC CERTIFICATO COP<\/h3>\t\t<\/div>\n\t\t\t\t<\/div>\n\t\t\t\t<div class=\"elementor-element elementor-element-84fcb52 elementor-widget elementor-widget-heading\" data-id=\"84fcb52\" data-element_type=\"widget\" data-widget_type=\"heading.default\">\n\t\t\t\t<div class=\"elementor-widget-container\">\n\t\t\t<h1 class=\"elementor-heading-title elementor-size-medium\">CODE OF PRACTICES<\/h1>\t\t<\/div>\n\t\t\t\t<\/div>\n\t\t\t\t<div class=\"elementor-element elementor-element-c17383e elementor-widget elementor-widget-image\" data-id=\"c17383e\" data-element_type=\"widget\" data-widget_type=\"image.default\">\n\t\t\t\t<div class=\"elementor-widget-container\">\n\t\t\t\t\t\t\t\t<div class=\"elementor-image\">\n\t\t\t\t\t\t\t\t\t\t\t\t\t<a href=\"https:\/\/www.responsiblejewellery.com\/wp-content\/uploads\/0000-5211-RJC-Certificate-COP-2019EU.pdf\" target=\"_blank\">\n\t\t\t\t\t\t\t<img loading=\"lazy\" decoding=\"async\" width=\"724\" height=\"1024\" src=\"https:\/\/www.cgsgioielli.it\/IT\/wp-content\/uploads\/2024\/07\/0000-5211-RJC-Certificate-COP-2019EU-724x1024.jpeg\" class=\"attachment-large size-large\" alt=\"\" srcset=\"https:\/\/www.cgsgioielli.it\/IT\/wp-content\/uploads\/2024\/07\/0000-5211-RJC-Certificate-COP-2019EU-724x1024.jpeg 724w, https:\/\/www.cgsgioielli.it\/IT\/wp-content\/uploads\/2024\/07\/0000-5211-RJC-Certificate-COP-2019EU-212x300.jpeg 212w, https:\/\/www.cgsgioielli.it\/IT\/wp-content\/uploads\/2024\/07\/0000-5211-RJC-Certificate-COP-2019EU-768x1086.jpeg 768w, https:\/\/www.cgsgioielli.it\/IT\/wp-content\/uploads\/2024\/07\/0000-5211-RJC-Certificate-COP-2019EU-1086x1536.jpeg 1086w, https:\/\/www.cgsgioielli.it\/IT\/wp-content\/uploads\/2024\/07\/0000-5211-RJC-Certificate-COP-2019EU-1449x2048.jpeg 1449w, https:\/\/www.cgsgioielli.it\/IT\/wp-content\/uploads\/2024\/07\/0000-5211-RJC-Certificate-COP-2019EU-scaled.jpeg 1811w\" sizes=\"(max-width: 724px) 100vw, 724px\" \/>\t\t\t\t\t\t\t\t<\/a>\n\t\t\t\t\t\t\t\t\t\t\t\t\t\t<\/div>\n\t\t\t\t\t\t<\/div>\n\t\t\t\t<\/div>\n\t\t\t\t\t\t<\/div>\n\t\t\t\t\t<\/div>\n\t\t<\/div>\n\t\t\t\t<div class=\"elementor-column elementor-col-50 elementor-top-column elementor-element elementor-element-b4086b2\" data-id=\"b4086b2\" data-element_type=\"column\">\n\t\t\t<div class=\"elementor-column-wrap elementor-element-populated\">\n\t\t\t\t\t\t\t<div class=\"elementor-widget-wrap\">\n\t\t\t\t\t\t<div class=\"elementor-element elementor-element-53e5a65 elementor-widget elementor-widget-heading\" data-id=\"53e5a65\" data-element_type=\"widget\" data-widget_type=\"heading.default\">\n\t\t\t\t<div class=\"elementor-widget-container\">\n\t\t\t<h3 class=\"elementor-heading-title elementor-size-default\">RJC CERTIFICATO COC<\/h3>\t\t<\/div>\n\t\t\t\t<\/div>\n\t\t\t\t<div class=\"elementor-element elementor-element-844a8e0 elementor-widget elementor-widget-heading\" data-id=\"844a8e0\" data-element_type=\"widget\" data-widget_type=\"heading.default\">\n\t\t\t\t<div class=\"elementor-widget-container\">\n\t\t\t<h1 class=\"elementor-heading-title elementor-size-medium\">CHAIN OF CUSTODY<\/h1>\t\t<\/div>\n\t\t\t\t<\/div>\n\t\t\t\t<div class=\"elementor-element elementor-element-3ede719 elementor-widget elementor-widget-image\" data-id=\"3ede719\" data-element_type=\"widget\" data-widget_type=\"image.default\">\n\t\t\t\t<div class=\"elementor-widget-container\">\n\t\t\t\t\t\t\t\t<div class=\"elementor-image\">\n\t\t\t\t\t\t\t\t\t\t\t\t\t<a href=\"https:\/\/www.responsiblejewellery.com\/wp-content\/uploads\/CGS-Srl-RJC-Certificate-COC-2017-EU-1.pdf\" target=\"_blank\">\n\t\t\t\t\t\t\t<img loading=\"lazy\" decoding=\"async\" width=\"724\" height=\"1024\" src=\"https:\/\/www.cgsgioielli.it\/IT\/wp-content\/uploads\/2024\/07\/CGS-Srl-RJC-Certificate-COC-2017-EU-1-724x1024.jpeg\" class=\"attachment-large size-large\" alt=\"\" srcset=\"https:\/\/www.cgsgioielli.it\/IT\/wp-content\/uploads\/2024\/07\/CGS-Srl-RJC-Certificate-COC-2017-EU-1-724x1024.jpeg 724w, https:\/\/www.cgsgioielli.it\/IT\/wp-content\/uploads\/2024\/07\/CGS-Srl-RJC-Certificate-COC-2017-EU-1-212x300.jpeg 212w, https:\/\/www.cgsgioielli.it\/IT\/wp-content\/uploads\/2024\/07\/CGS-Srl-RJC-Certificate-COC-2017-EU-1-768x1086.jpeg 768w, https:\/\/www.cgsgioielli.it\/IT\/wp-content\/uploads\/2024\/07\/CGS-Srl-RJC-Certificate-COC-2017-EU-1-1086x1536.jpeg 1086w, https:\/\/www.cgsgioielli.it\/IT\/wp-content\/uploads\/2024\/07\/CGS-Srl-RJC-Certificate-COC-2017-EU-1-1449x2048.jpeg 1449w, https:\/\/www.cgsgioielli.it\/IT\/wp-content\/uploads\/2024\/07\/CGS-Srl-RJC-Certificate-COC-2017-EU-1-scaled.jpeg 1811w\" sizes=\"(max-width: 724px) 100vw, 724px\" \/>\t\t\t\t\t\t\t\t<\/a>\n\t\t\t\t\t\t\t\t\t\t\t\t\t\t<\/div>\n\t\t\t\t\t\t<\/div>\n\t\t\t\t<\/div>\n\t\t\t\t\t\t<\/div>\n\t\t\t\t\t<\/div>\n\t\t<\/div>\n\t\t\t\t\t\t\t\t<\/div>\n\t\t\t\t\t<\/div>\n\t\t<\/section>\n\t\t\t\t<section class=\"elementor-section elementor-top-section elementor-element elementor-element-d05673e elementor-section-boxed elementor-section-height-default elementor-section-height-default\" data-id=\"d05673e\" data-element_type=\"section\" data-settings=\"{&quot;background_background&quot;:&quot;none&quot;}\">\n\t\t\t\t\t\t<div class=\"elementor-container elementor-column-gap-default\">\n\t\t\t\t\t\t\t<div class=\"elementor-row\">\n\t\t\t\t\t<div class=\"elementor-column elementor-col-100 elementor-top-column elementor-element elementor-element-0f6203c\" data-id=\"0f6203c\" data-element_type=\"column\">\n\t\t\t<div class=\"elementor-column-wrap elementor-element-populated\">\n\t\t\t\t\t\t\t<div class=\"elementor-widget-wrap\">\n\t\t\t\t\t\t<div class=\"elementor-element elementor-element-ad0c5ea elementor-widget elementor-widget-heading\" data-id=\"ad0c5ea\" data-element_type=\"widget\" data-widget_type=\"heading.default\">\n\t\t\t\t<div class=\"elementor-widget-container\">\n\t\t\t<h3 class=\"elementor-heading-title elementor-size-default\">REPORT ANNUALE<\/h3>\t\t<\/div>\n\t\t\t\t<\/div>\n\t\t\t\t<div class=\"elementor-element elementor-element-ad34a2e elementor-widget elementor-widget-text-editor\" data-id=\"ad34a2e\" data-element_type=\"widget\" data-widget_type=\"text-editor.default\">\n\t\t\t\t<div class=\"elementor-widget-container\">\n\t\t\t\t\t\t\t\t<div class=\"elementor-text-editor elementor-clearfix\">\n\t\t\t\t<p><strong><em>CGS srl <\/em><\/strong><em>ha regolarmente verificato che tutti i materiali preziosi utilizzati nel proprio ciclo produttivo provengano da aziende certificate RJC COP e COC<\/em><\/p><p><em>Tale verifica \u00e8 stata effettuata controllando direttamente nei siti web di RJC la validit\u00e0 dei certificati delle aziende di affinazione e dei fornitori di argento e oro da cui si approvvigiona\u00a0<strong>CGS srl<\/strong><\/em><\/p><p><em>Il sistema di gestione di\u00a0<strong>CGS srl<\/strong>, infatti, prevede politiche e procedure con responsabilit\u00e0 chiare e formazione adeguata al personale coinvolto per garantire la corretta attuazione della &#8220;Due diligence per approvvigionamento responsabile da aree di conflitto e alto rischio&#8221;, in conformit\u00e0 con quanto richiesto da RJC COP 2019, punto 7, e dalla Guida OCSE, Step 5.<\/em><\/p><p><em>Il sistema prevede che ogni anno, in occasione del Riesame della Direzione, venga effettuata una valutazione dei rischi andando a controllare la validit\u00e0 delle certificazioni richieste cos\u00ec come descritto sopra ed il rispetto dei diritti umani.<\/em><\/p>\t\t\t\t\t<\/div>\n\t\t\t\t\t\t<\/div>\n\t\t\t\t<\/div>\n\t\t\t\t\t\t<\/div>\n\t\t\t\t\t<\/div>\n\t\t<\/div>\n\t\t\t\t\t\t\t\t<\/div>\n\t\t\t\t\t<\/div>\n\t\t<\/section>\n\t\t\t\t<section class=\"elementor-section elementor-top-section elementor-element elementor-element-0ad15c8 elementor-section-boxed elementor-section-height-default elementor-section-height-default\" data-id=\"0ad15c8\" data-element_type=\"section\">\n\t\t\t\t\t\t<div class=\"elementor-container elementor-column-gap-default\">\n\t\t\t\t\t\t\t<div class=\"elementor-row\">\n\t\t\t\t\t<div class=\"elementor-column elementor-col-50 elementor-top-column elementor-element elementor-element-9608466\" data-id=\"9608466\" data-element_type=\"column\">\n\t\t\t<div class=\"elementor-column-wrap elementor-element-populated\">\n\t\t\t\t\t\t\t<div class=\"elementor-widget-wrap\">\n\t\t\t\t\t\t<div class=\"elementor-element elementor-element-d850979 elementor-hidden-desktop elementor-hidden-tablet elementor-widget elementor-widget-text-editor\" data-id=\"d850979\" data-element_type=\"widget\" data-widget_type=\"text-editor.default\">\n\t\t\t\t<div class=\"elementor-widget-container\">\n\t\t\t\t\t\t\t\t<div class=\"elementor-text-editor elementor-clearfix\">\n\t\t\t\t<h5 style=\"text-align: center;\"><b><i>30\/07\/2024\u00a0 \u00a0 \u00a0 \u00a0 \u00a0 \u00a0The Management<\/i><\/b><\/h5>\t\t\t\t\t<\/div>\n\t\t\t\t\t\t<\/div>\n\t\t\t\t<\/div>\n\t\t\t\t<div class=\"elementor-element elementor-element-c66698f elementor-hidden-mobile elementor-widget elementor-widget-text-editor\" data-id=\"c66698f\" data-element_type=\"widget\" data-widget_type=\"text-editor.default\">\n\t\t\t\t<div class=\"elementor-widget-container\">\n\t\t\t\t\t\t\t\t<div class=\"elementor-text-editor elementor-clearfix\">\n\t\t\t\t<p style=\"text-align: center;\"><b><i>30\/07\/2025<\/i><\/b><\/p>\t\t\t\t\t<\/div>\n\t\t\t\t\t\t<\/div>\n\t\t\t\t<\/div>\n\t\t\t\t\t\t<\/div>\n\t\t\t\t\t<\/div>\n\t\t<\/div>\n\t\t\t\t<div class=\"elementor-column elementor-col-50 elementor-top-column elementor-element elementor-element-b586da5\" data-id=\"b586da5\" data-element_type=\"column\">\n\t\t\t<div class=\"elementor-column-wrap elementor-element-populated\">\n\t\t\t\t\t\t\t<div class=\"elementor-widget-wrap\">\n\t\t\t\t\t\t<div class=\"elementor-element elementor-element-a24d61b elementor-hidden-mobile elementor-widget elementor-widget-text-editor\" data-id=\"a24d61b\" data-element_type=\"widget\" data-widget_type=\"text-editor.default\">\n\t\t\t\t<div class=\"elementor-widget-container\">\n\t\t\t\t\t\t\t\t<div class=\"elementor-text-editor elementor-clearfix\">\n\t\t\t\t<p style=\"text-align: center;\"><b><i>La Direzione<\/i><\/b><\/p>\t\t\t\t\t<\/div>\n\t\t\t\t\t\t<\/div>\n\t\t\t\t<\/div>\n\t\t\t\t\t\t<\/div>\n\t\t\t\t\t<\/div>\n\t\t<\/div>\n\t\t\t\t\t\t\t\t<\/div>\n\t\t\t\t\t<\/div>\n\t\t<\/section>\n\t\t\t\t<section class=\"elementor-section elementor-top-section elementor-element elementor-element-f01d45d elementor-section-boxed elementor-section-height-default elementor-section-height-default\" data-id=\"f01d45d\" data-element_type=\"section\" data-settings=\"{&quot;background_background&quot;:&quot;none&quot;}\">\n\t\t\t\t\t\t<div class=\"elementor-container elementor-column-gap-default\">\n\t\t\t\t\t\t\t<div class=\"elementor-row\">\n\t\t\t\t\t<div class=\"elementor-column elementor-col-100 elementor-top-column elementor-element elementor-element-0d13dfb\" data-id=\"0d13dfb\" data-element_type=\"column\">\n\t\t\t<div class=\"elementor-column-wrap elementor-element-populated\">\n\t\t\t\t\t\t\t<div class=\"elementor-widget-wrap\">\n\t\t\t\t\t\t<div class=\"elementor-element elementor-element-de77684 elementor-widget elementor-widget-heading\" data-id=\"de77684\" data-element_type=\"widget\" data-widget_type=\"heading.default\">\n\t\t\t\t<div class=\"elementor-widget-container\">\n\t\t\t<h3 class=\"elementor-heading-title elementor-size-default\">SUPPLY CHAIN POLICY<\/h3>\t\t<\/div>\n\t\t\t\t<\/div>\n\t\t\t\t<div class=\"elementor-element elementor-element-1700f38 elementor-widget elementor-widget-text-editor\" data-id=\"1700f38\" data-element_type=\"widget\" data-widget_type=\"text-editor.default\">\n\t\t\t\t<div class=\"elementor-widget-container\">\n\t\t\t\t\t\t\t\t<div class=\"elementor-text-editor elementor-clearfix\">\n\t\t\t\t<p><em>C.G.S. srl opera nella produzione di semilavorati in oro e argento e gioielli finiti e per conto terzi, la visione della Direzione \u00e8 di mantenere il posizionamento e accrescerlo, per far questo l\u2019organizzazione \u00e8 attenta ai fattori esterni e alle loro modifiche in termini di esigenze tecniche, di prodotto, settoriali, servizio, culturali, sociali, ambientale, normativo e legislativo.<\/em><\/p><p><em>C.G.S. srl ha adottato lo standard Code of practices \u2013 CoP e si fa garante di promuovere prassi responsabili dal punto di vista etico, dei diritti umani, sociale e ambientale in tutta la filiera dell&#8217;oro e dei platinoidi.<\/em><\/p><p><em>C.G.S. srl \u00e8 attenta ai fattori strategici per conseguire specifici obiettivi di sviluppo che di volta in volta sono declinati nelle indicazioni strategiche della Direzione.<\/em><\/p><p><em>C.G.S. srl \u00e8 attenta ai fattori interni tipici del settore, dalla soddisfazione dei soci, alla soddisfazione e sviluppo delle risorse umane, dall\u2019impiego di risorse finanziare per promuovere gli investimenti, all\u2019attenzione sugli aspetti di sicurezza e ambiente.<\/em><\/p><p><em>C.G.S. srl\u00a0 \u00e8 attenta ai fattori di sostenibilit\u00e0 interna ed esterna che si esplicano negli aspetti etici del lavoro, sociali e ambientali per questo ha fatto propri anche gli obiettivi RJC (Responsible Jewellery Council), condividendo l\u2019obiettivo generale di una filiera responsabile a livello mondiale che promuova la fiducia nei confronti dell&#8217;industria globale della gioielleria attraverso l\u2019adozione \u00a0del Codice di Procedura RJC per l\u2019applicazione di\u00a0 pratiche sostenibili in tutta la filiera dell\u2019oro e dei platinoidi dall\u2019estrazione alla vendita al dettaglio .<\/em><\/p><p><em>Ci impegniamo a condividere le\u00a0<\/em><em>linee guida OCSE (Responsible Supply Chains of Minerals from Conflict-Affected and High-Risk Areas)<\/em><em>\u00a0integrando nella nostra organizzazione considerazioni etiche, relative ai diritti umani, sociali e ambientali nelle nostre attivit\u00e0 quotidiane, a denunciare e non praticare la corruzione, le false dichiarazione di provenienza, il riciclaggio di denaro e al pagamento di imposte, oneri e diritti ai governi, al rispetto della legislazione nazionale e internazionale.<\/em><\/p><p><em>C.G.S. srl si impegna a rispettare i diritti umani fondamentali e la dignit\u00e0 del singolo individuo, secondo la Dichiarazione Universale dei Diritti Umani sancita dalle Nazioni Unite.<\/em><\/p><p><em>Non verr\u00e0 tollerato il ricorso al lavoro minorile.<\/em><\/p><p><em>C.G.S. srl si impegna a non fare ricorso ad alcuna forma di lavoro forzato, su cauzione, a contratto vincolato e a non limitare la libert\u00e0 di movimento di dipendenti e lavoratori subordinati.<\/em><\/p><p><em>Ci impegniamo a non operare alcuna discriminazione di razza, appartenenza ad etnie, casta, paese di origine, religione, inabilit\u00e0, sesso, orientamento sessuale, appartenenza a sindacato, gravidanza, affiliazione politica, stato coniugale, aspetto fisico, et\u00e0 o altra restrizione non consentita nel posto di lavoro.<\/em><\/p><p><em>Ci impegniamo a sostenere e condividere il Sistema di Garanzie (SdG) del World Diamond Council a supporto del processo KPCS (Kimberley Process Certification Scheme) mantenendo la tracciabilit\u00e0 all\u2019interno della filiera.<\/em><\/p><p><em>Ci impegniamo a:<\/em><\/p><p style=\"text-align: left;\"><em>\u2022 richiedere ai fornitori di presentare garanzie in merito a tutti i diamanti lavorati<\/em><\/p><p style=\"text-align: left;\"><em>\u2022 informare per iscritto i fornitori sull&#8217;obbligo di presentare tali garanzie<\/em><\/p><p style=\"text-align: left;\"><em>\u2022 conservare le garanzie per almeno cinque anni.<\/em><\/p><p><em>Ci impegniamo a diffondere la nostra politica ed il nostro impegno in tutta la filiera.<\/em><\/p><p><em>In sintesi una organizzazione che evolva nella cultura sociale e che produca benessere, consapevolezza e sia sostenibile negli anni per la soddisfazione di tutte le parti interessate.<\/em><\/p>\t\t\t\t\t<\/div>\n\t\t\t\t\t\t<\/div>\n\t\t\t\t<\/div>\n\t\t\t\t\t\t<\/div>\n\t\t\t\t\t<\/div>\n\t\t<\/div>\n\t\t\t\t\t\t\t\t<\/div>\n\t\t\t\t\t<\/div>\n\t\t<\/section>\n\t\t\t\t<section class=\"elementor-section elementor-top-section elementor-element elementor-element-3e09a44 elementor-section-boxed elementor-section-height-default elementor-section-height-default\" data-id=\"3e09a44\" data-element_type=\"section\">\n\t\t\t\t\t\t<div class=\"elementor-container elementor-column-gap-default\">\n\t\t\t\t\t\t\t<div class=\"elementor-row\">\n\t\t\t\t\t<div class=\"elementor-column elementor-col-50 elementor-top-column elementor-element elementor-element-ad8cbf5\" data-id=\"ad8cbf5\" data-element_type=\"column\">\n\t\t\t<div class=\"elementor-column-wrap elementor-element-populated\">\n\t\t\t\t\t\t\t<div class=\"elementor-widget-wrap\">\n\t\t\t\t\t\t<div class=\"elementor-element elementor-element-b34c8cf elementor-hidden-desktop elementor-hidden-tablet elementor-widget elementor-widget-text-editor\" data-id=\"b34c8cf\" data-element_type=\"widget\" data-widget_type=\"text-editor.default\">\n\t\t\t\t<div class=\"elementor-widget-container\">\n\t\t\t\t\t\t\t\t<div class=\"elementor-text-editor elementor-clearfix\">\n\t\t\t\t<h5 style=\"text-align: center;\"><b><i>30\/07\/2024\u00a0 \u00a0 \u00a0 \u00a0 \u00a0 \u00a0The Management<\/i><\/b><\/h5>\t\t\t\t\t<\/div>\n\t\t\t\t\t\t<\/div>\n\t\t\t\t<\/div>\n\t\t\t\t<div class=\"elementor-element elementor-element-cd9d94b elementor-hidden-mobile elementor-widget elementor-widget-text-editor\" data-id=\"cd9d94b\" data-element_type=\"widget\" data-widget_type=\"text-editor.default\">\n\t\t\t\t<div class=\"elementor-widget-container\">\n\t\t\t\t\t\t\t\t<div class=\"elementor-text-editor elementor-clearfix\">\n\t\t\t\t<p style=\"text-align: center;\"><b><i>30\/07\/2025<\/i><\/b><\/p>\t\t\t\t\t<\/div>\n\t\t\t\t\t\t<\/div>\n\t\t\t\t<\/div>\n\t\t\t\t\t\t<\/div>\n\t\t\t\t\t<\/div>\n\t\t<\/div>\n\t\t\t\t<div class=\"elementor-column elementor-col-50 elementor-top-column elementor-element elementor-element-ce5c4b5\" data-id=\"ce5c4b5\" data-element_type=\"column\">\n\t\t\t<div class=\"elementor-column-wrap elementor-element-populated\">\n\t\t\t\t\t\t\t<div class=\"elementor-widget-wrap\">\n\t\t\t\t\t\t<div class=\"elementor-element elementor-element-b740cd6 elementor-hidden-mobile elementor-widget elementor-widget-text-editor\" data-id=\"b740cd6\" data-element_type=\"widget\" data-widget_type=\"text-editor.default\">\n\t\t\t\t<div class=\"elementor-widget-container\">\n\t\t\t\t\t\t\t\t<div class=\"elementor-text-editor elementor-clearfix\">\n\t\t\t\t<p style=\"text-align: center;\"><b><i>La Direzione<\/i><\/b><\/p>\t\t\t\t\t<\/div>\n\t\t\t\t\t\t<\/div>\n\t\t\t\t<\/div>\n\t\t\t\t\t\t<\/div>\n\t\t\t\t\t<\/div>\n\t\t<\/div>\n\t\t\t\t\t\t\t\t<\/div>\n\t\t\t\t\t<\/div>\n\t\t<\/section>\n\t\t\t\t\t\t<\/div>\n\t\t\t\t\t\t<\/div>\n\t\t\t\t\t<\/div>\n\t\t","protected":false},"excerpt":{"rendered":"<p>RESPONSIBLE JEWELLERY COUNCIL Il Responsible Jewellery Council \u00e8 un&#8217;associazione internazionale senza scopo di lucro che raggruppa pi\u00f9 di 1.100 imprese operanti in tutta la filiera che alimenta il comparto dei diamanti, dell&#8217;oreficeria e dei platinoidi, dall&#8217;estrazione mineraria al commercio al dettaglio. I membri del RJC sono impegnati a promuovere il rispetto dell&#8217;etica, dei diritti umani [&hellip;]<\/p>\n","protected":false},"author":1,"featured_media":0,"parent":0,"menu_order":0,"comment_status":"closed","ping_status":"closed","template":"elementor_header_footer","meta":{"footnotes":""},"_links":{"self":[{"href":"https:\/\/www.cgsgioielli.it\/IT\/index.php?rest_route=\/wp\/v2\/pages\/152"}],"collection":[{"href":"https:\/\/www.cgsgioielli.it\/IT\/index.php?rest_route=\/wp\/v2\/pages"}],"about":[{"href":"https:\/\/www.cgsgioielli.it\/IT\/index.php?rest_route=\/wp\/v2\/types\/page"}],"author":[{"embeddable":true,"href":"https:\/\/www.cgsgioielli.it\/IT\/index.php?rest_route=\/wp\/v2\/users\/1"}],"replies":[{"embeddable":true,"href":"https:\/\/www.cgsgioielli.it\/IT\/index.php?rest_route=%2Fwp%2Fv2%2Fcomments&post=152"}],"version-history":[{"count":69,"href":"https:\/\/www.cgsgioielli.it\/IT\/index.php?rest_route=\/wp\/v2\/pages\/152\/revisions"}],"predecessor-version":[{"id":4134,"href":"https:\/\/www.cgsgioielli.it\/IT\/index.php?rest_route=\/wp\/v2\/pages\/152\/revisions\/4134"}],"wp:attachment":[{"href":"https:\/\/www.cgsgioielli.it\/IT\/index.php?rest_route=%2Fwp%2Fv2%2Fmedia&parent=152"}],"curies":[{"name":"wp","href":"https:\/\/api.w.org\/{rel}","templated":true}]}}