{"id":121,"date":"2020-10-29T10:25:22","date_gmt":"2020-10-29T09:25:22","guid":{"rendered":"http:\/\/www.cgsgioielli.it\/wordpress\/?page_id=121"},"modified":"2025-07-02T13:11:08","modified_gmt":"2025-07-02T11:11:08","slug":"oreficeria","status":"publish","type":"page","link":"https:\/\/www.cgsgioielli.it\/IT\/?page_id=121","title":{"rendered":"oreficeria"},"content":{"rendered":"\t\t<div data-elementor-type=\"wp-page\" data-elementor-id=\"121\" class=\"elementor elementor-121\" data-elementor-settings=\"[]\">\n\t\t\t\t\t\t<div class=\"elementor-inner\">\n\t\t\t\t\t\t\t<div class=\"elementor-section-wrap\">\n\t\t\t\t\t\t\t<header class=\"elementor-section elementor-top-section elementor-element elementor-element-31abb544 elementor-section-height-min-height elementor-section-full_width elementor-section-stretched elementor-section-content-middle elementor-section-items-stretch elementor-section-height-default\" data-id=\"31abb544\" data-element_type=\"section\" data-settings=\"{&quot;background_background&quot;:&quot;classic&quot;,&quot;stretch_section&quot;:&quot;section-stretched&quot;}\">\n\t\t\t\t\t\t\t<div class=\"elementor-background-overlay\"><\/div>\n\t\t\t\t\t\t\t<div class=\"elementor-container elementor-column-gap-no\">\n\t\t\t\t\t\t\t<div class=\"elementor-row\">\n\t\t\t\t\t<div class=\"elementor-column elementor-col-100 elementor-top-column elementor-element elementor-element-5e4c9ec\" data-id=\"5e4c9ec\" data-element_type=\"column\">\n\t\t\t<div class=\"elementor-column-wrap\">\n\t\t\t\t\t\t\t<div class=\"elementor-widget-wrap\">\n\t\t\t\t\t\t\t\t<\/div>\n\t\t\t\t\t<\/div>\n\t\t<\/div>\n\t\t\t\t\t\t\t\t<\/div>\n\t\t\t\t\t<\/div>\n\t\t<\/header>\n\t\t\t\t<section class=\"elementor-section elementor-top-section elementor-element elementor-element-234024c elementor-section-boxed elementor-section-height-default elementor-section-height-default\" data-id=\"234024c\" data-element_type=\"section\" data-settings=\"{&quot;background_background&quot;:&quot;none&quot;}\">\n\t\t\t\t\t\t<div class=\"elementor-container elementor-column-gap-default\">\n\t\t\t\t\t\t\t<div class=\"elementor-row\">\n\t\t\t\t\t<div class=\"elementor-column elementor-col-100 elementor-top-column elementor-element elementor-element-5202473a\" data-id=\"5202473a\" data-element_type=\"column\">\n\t\t\t<div class=\"elementor-column-wrap elementor-element-populated\">\n\t\t\t\t\t\t\t<div class=\"elementor-widget-wrap\">\n\t\t\t\t\t\t<div class=\"elementor-element elementor-element-67029bb6 animated-slow elementor-invisible elementor-widget elementor-widget-heading\" data-id=\"67029bb6\" data-element_type=\"widget\" data-settings=\"{&quot;_animation&quot;:&quot;fadeIn&quot;,&quot;_animation_delay&quot;:50}\" data-widget_type=\"heading.default\">\n\t\t\t\t<div class=\"elementor-widget-container\">\n\t\t\t<h1 class=\"elementor-heading-title elementor-size-xl\">OREFICERIA<\/h1>\t\t<\/div>\n\t\t\t\t<\/div>\n\t\t\t\t\t\t<\/div>\n\t\t\t\t\t<\/div>\n\t\t<\/div>\n\t\t\t\t\t\t\t\t<\/div>\n\t\t\t\t\t<\/div>\n\t\t<\/section>\n\t\t\t\t<section class=\"elementor-section elementor-top-section elementor-element elementor-element-2afd1734 elementor-section-height-full elementor-section-items-stretch elementor-section-content-top elementor-section-stretched elementor-section-boxed elementor-section-height-default\" data-id=\"2afd1734\" data-element_type=\"section\" data-settings=\"{&quot;background_background&quot;:&quot;none&quot;,&quot;stretch_section&quot;:&quot;section-stretched&quot;}\">\n\t\t\t\t\t\t<div class=\"elementor-container elementor-column-gap-default\">\n\t\t\t\t\t\t\t<div class=\"elementor-row\">\n\t\t\t\t\t<div class=\"elementor-column elementor-col-100 elementor-top-column elementor-element elementor-element-654d3341\" data-id=\"654d3341\" data-element_type=\"column\">\n\t\t\t<div class=\"elementor-column-wrap elementor-element-populated\">\n\t\t\t\t\t\t\t<div class=\"elementor-widget-wrap\">\n\t\t\t\t\t\t<div class=\"elementor-element elementor-element-273bca2d elementor-widget elementor-widget-text-editor\" data-id=\"273bca2d\" data-element_type=\"widget\" data-widget_type=\"text-editor.default\">\n\t\t\t\t<div class=\"elementor-widget-container\">\n\t\t\t\t\t\t\t\t<div class=\"elementor-text-editor elementor-clearfix\">\n\t\t\t\t<p>L\u2019attitudine fondamentale di chi deve operare in questo settore \u00e8 la manualit\u00e0, gestita con esperienza e sensibilit\u00e0, doti che un\u00a0 maestro orafo sviluppa negli anni con tanta perizia e competenza.\u00a0 Mani che carteggiano, assemblano e saldano sia a laser che a cannello; mani che solo con sapiente abilit\u00e0\u00a0 trovano la loro massima espressione\u00a0 quando danno origine ad oggetti artigianalmente perfetti.<\/p><p>Le postazioni dove avvengono queste operazioni sono dotate di microscopi di altissima qualit\u00e0 e di attrezzature tecnologicamente avanzate.<\/p><p>Micromotori e trapani a movimento rotativo ed alternato sono i principali strumenti che vengono utilizzati da operatori altamente qualificati<\/p><p>Tali dotazioni consentono ad ogni oggetto di essere realizzato con la massima precisione possibile dalla mano dell\u2019uomo, pur mantenendo quel tocco di artigianalit\u00e0 che contraddistingue il \u201cgioiello\u201d.<\/p>\t\t\t\t\t<\/div>\n\t\t\t\t\t\t<\/div>\n\t\t\t\t<\/div>\n\t\t\t\t\t\t<\/div>\n\t\t\t\t\t<\/div>\n\t\t<\/div>\n\t\t\t\t\t\t\t\t<\/div>\n\t\t\t\t\t<\/div>\n\t\t<\/section>\n\t\t\t\t\t\t<\/div>\n\t\t\t\t\t\t<\/div>\n\t\t\t\t\t<\/div>\n\t\t","protected":false},"excerpt":{"rendered":"<p>OREFICERIA L\u2019attitudine fondamentale di chi deve operare in questo settore \u00e8 la manualit\u00e0, gestita con esperienza e sensibilit\u00e0, doti che un\u00a0 maestro orafo sviluppa negli anni con tanta perizia e competenza.\u00a0 Mani che carteggiano, assemblano e saldano sia a laser che a cannello; mani che solo con sapiente abilit\u00e0\u00a0 trovano la loro massima espressione\u00a0 quando [&hellip;]<\/p>\n","protected":false},"author":1,"featured_media":0,"parent":0,"menu_order":0,"comment_status":"closed","ping_status":"closed","template":"elementor_header_footer","meta":{"footnotes":""},"_links":{"self":[{"href":"https:\/\/www.cgsgioielli.it\/IT\/index.php?rest_route=\/wp\/v2\/pages\/121"}],"collection":[{"href":"https:\/\/www.cgsgioielli.it\/IT\/index.php?rest_route=\/wp\/v2\/pages"}],"about":[{"href":"https:\/\/www.cgsgioielli.it\/IT\/index.php?rest_route=\/wp\/v2\/types\/page"}],"author":[{"embeddable":true,"href":"https:\/\/www.cgsgioielli.it\/IT\/index.php?rest_route=\/wp\/v2\/users\/1"}],"replies":[{"embeddable":true,"href":"https:\/\/www.cgsgioielli.it\/IT\/index.php?rest_route=%2Fwp%2Fv2%2Fcomments&post=121"}],"version-history":[{"count":33,"href":"https:\/\/www.cgsgioielli.it\/IT\/index.php?rest_route=\/wp\/v2\/pages\/121\/revisions"}],"predecessor-version":[{"id":4087,"href":"https:\/\/www.cgsgioielli.it\/IT\/index.php?rest_route=\/wp\/v2\/pages\/121\/revisions\/4087"}],"wp:attachment":[{"href":"https:\/\/www.cgsgioielli.it\/IT\/index.php?rest_route=%2Fwp%2Fv2%2Fmedia&parent=121"}],"curies":[{"name":"wp","href":"https:\/\/api.w.org\/{rel}","templated":true}]}}